{"id":605,"date":"2025-08-25T19:25:15","date_gmt":"2025-08-25T17:25:15","guid":{"rendered":"https:\/\/prokop.fr\/?page_id=605"},"modified":"2025-09-02T15:59:00","modified_gmt":"2025-09-02T13:59:00","slug":"tour","status":"publish","type":"page","link":"https:\/\/prokop.fr\/index.php\/tour\/","title":{"rendered":"TOUR 2"},"content":{"rendered":"\t\t<div data-elementor-type=\"wp-page\" data-elementor-id=\"605\" class=\"elementor elementor-605\">\n\t\t\t\t\t\t<section class=\"elementor-section elementor-top-section elementor-element elementor-element-3113d2a elementor-section-boxed elementor-section-height-default elementor-section-height-default\" data-id=\"3113d2a\" data-element_type=\"section\">\n\t\t\t\t\t\t<div class=\"elementor-container elementor-column-gap-default\">\n\t\t\t\t\t<div class=\"elementor-column elementor-col-50 elementor-top-column elementor-element elementor-element-94fec8f\" data-id=\"94fec8f\" data-element_type=\"column\">\n\t\t\t<div class=\"elementor-widget-wrap elementor-element-populated\">\n\t\t\t\t\t\t<div class=\"elementor-element elementor-element-2dbbc4f elementor-widget elementor-widget-text-editor\" data-id=\"2dbbc4f\" data-element_type=\"widget\" data-widget_type=\"text-editor.default\">\n\t\t\t\t<div class=\"elementor-widget-container\">\n\t\t\t\t\t\t\t\t\t<h3>GIN &amp; TONIC TOUR<\/h3>\t\t\t\t\t\t\t\t<\/div>\n\t\t\t\t<\/div>\n\t\t\t\t<div class=\"elementor-element elementor-element-8151a1b elementor-widget elementor-widget-image\" data-id=\"8151a1b\" data-element_type=\"widget\" data-widget_type=\"image.default\">\n\t\t\t\t<div class=\"elementor-widget-container\">\n\t\t\t\t\t\t\t\t\t\t\t\t\t\t\t<img fetchpriority=\"high\" decoding=\"async\" width=\"410\" height=\"180\" src=\"https:\/\/prokop.fr\/wp-content\/uploads\/2025\/08\/Bandeau-logos.png\" class=\"attachment-full size-full wp-image-666\" alt=\"\" srcset=\"https:\/\/prokop.fr\/wp-content\/uploads\/2025\/08\/Bandeau-logos.png 410w, https:\/\/prokop.fr\/wp-content\/uploads\/2025\/08\/Bandeau-logos-300x132.png 300w\" sizes=\"(max-width: 410px) 100vw, 410px\" \/>\t\t\t\t\t\t\t\t\t\t\t\t\t\t\t<\/div>\n\t\t\t\t<\/div>\n\t\t\t\t<div class=\"elementor-element elementor-element-c8957ee elementor-widget__width-initial elementor-widget elementor-widget-text-editor\" data-id=\"c8957ee\" data-element_type=\"widget\" data-widget_type=\"text-editor.default\">\n\t\t\t\t<div class=\"elementor-widget-container\">\n\t\t\t\t\t\t\t\t\t<p>\u00ab\u00a0Folk avant tout comme la libert\u00e9 absolue d\u2019embrasser tous les styles autour de chansons soign\u00e9es : notes bleues, swing jazz, valses bastringues, country claudicante, m\u00e9lancolies orchestr\u00e9es, ballades poignantes ou abandonn\u00e9es, \u00e9lectricit\u00e9 rock bien entendu, accents tropicaux pourquoi pas\u2026 qu\u2019importe le flacon pourvu qu\u2019on trouve l\u2019ivresse de l\u2019\u00e9vidence.\u00a0\u00bb<\/p>\t\t\t\t\t\t\t\t<\/div>\n\t\t\t\t<\/div>\n\t\t\t\t\t<\/div>\n\t\t<\/div>\n\t\t\t\t<div class=\"elementor-column elementor-col-50 elementor-top-column elementor-element elementor-element-201fde8\" data-id=\"201fde8\" data-element_type=\"column\">\n\t\t\t<div class=\"elementor-widget-wrap elementor-element-populated\">\n\t\t\t\t\t\t<div class=\"elementor-element elementor-element-ff44a37 elementor-widget elementor-widget-image\" data-id=\"ff44a37\" data-element_type=\"widget\" data-widget_type=\"image.default\">\n\t\t\t\t<div class=\"elementor-widget-container\">\n\t\t\t\t\t\t\t\t\t\t\t\t\t\t\t<img decoding=\"async\" width=\"800\" height=\"534\" src=\"https:\/\/prokop.fr\/wp-content\/uploads\/2022\/10\/DSC03955-1-1024x683.jpg\" class=\"attachment-large size-large wp-image-547\" alt=\"\" srcset=\"https:\/\/prokop.fr\/wp-content\/uploads\/2022\/10\/DSC03955-1-1024x683.jpg 1024w, https:\/\/prokop.fr\/wp-content\/uploads\/2022\/10\/DSC03955-1-300x200.jpg 300w, https:\/\/prokop.fr\/wp-content\/uploads\/2022\/10\/DSC03955-1-768x512.jpg 768w, https:\/\/prokop.fr\/wp-content\/uploads\/2022\/10\/DSC03955-1-1536x1024.jpg 1536w, https:\/\/prokop.fr\/wp-content\/uploads\/2022\/10\/DSC03955-1-2048x1365.jpg 2048w\" sizes=\"(max-width: 800px) 100vw, 800px\" \/>\t\t\t\t\t\t\t\t\t\t\t\t\t\t\t<\/div>\n\t\t\t\t<\/div>\n\t\t\t\t\t<\/div>\n\t\t<\/div>\n\t\t\t\t\t<\/div>\n\t\t<\/section>\n\t\t\t\t<section class=\"elementor-section elementor-top-section elementor-element elementor-element-4f40392 elementor-section-boxed elementor-section-height-default elementor-section-height-default\" data-id=\"4f40392\" data-element_type=\"section\">\n\t\t\t\t\t\t<div class=\"elementor-container elementor-column-gap-default\">\n\t\t\t\t\t<div class=\"elementor-column elementor-col-100 elementor-top-column elementor-element elementor-element-dbcf79c\" data-id=\"dbcf79c\" data-element_type=\"column\">\n\t\t\t<div class=\"elementor-widget-wrap elementor-element-populated\">\n\t\t\t\t\t\t<div class=\"elementor-element elementor-element-0350711 elementor-widget elementor-widget-spacer\" data-id=\"0350711\" data-element_type=\"widget\" data-widget_type=\"spacer.default\">\n\t\t\t\t<div class=\"elementor-widget-container\">\n\t\t\t\t\t\t\t<div class=\"elementor-spacer\">\n\t\t\t<div class=\"elementor-spacer-inner\"><\/div>\n\t\t<\/div>\n\t\t\t\t\t\t<\/div>\n\t\t\t\t<\/div>\n\t\t\t\t\t<\/div>\n\t\t<\/div>\n\t\t\t\t\t<\/div>\n\t\t<\/section>\n\t\t\t\t<section class=\"elementor-section elementor-top-section elementor-element elementor-element-32fe132 elementor-section-boxed elementor-section-height-default elementor-section-height-default\" data-id=\"32fe132\" data-element_type=\"section\">\n\t\t\t\t\t\t<div class=\"elementor-container elementor-column-gap-default\">\n\t\t\t\t\t<div class=\"elementor-column elementor-col-100 elementor-top-column elementor-element elementor-element-220d9ed\" data-id=\"220d9ed\" data-element_type=\"column\" data-settings=\"{&quot;background_background&quot;:&quot;classic&quot;}\">\n\t\t\t<div class=\"elementor-widget-wrap elementor-element-populated\">\n\t\t\t\t\t\t<div class=\"elementor-element elementor-element-444515d elementor-widget elementor-widget-html\" data-id=\"444515d\" data-element_type=\"widget\" data-widget_type=\"html.default\">\n\t\t\t\t<div class=\"elementor-widget-container\">\n\t\t\t\t\t\n  <script charset=\"utf-8\" src=\"https:\/\/widgetv3.bandsintown.com\/main.min.js\"><\/script>\n  <a class=\"bit-widget-initializer\"\n    \n\tdata-artist-name=\"id_9089105\"\n\t\n\tdata-events-to-display=\"\"\n\tdata-background-color=\"rgba(255,255,255,0)\"\n\tdata-separator-color=\"rgba(213,66,106,1)\"\n\tdata-text-color=\"rgba(40,42,82,1)\"\n\tdata-font=\"Helvetica\"\n\tdata-auto-style=\"true\"\n\t\n\tdata-button-label-capitalization=\"capitalize\"\n\tdata-header-capitalization=\"uppercase\"\n\tdata-location-capitalization=\"capitalize\"\n\tdata-venue-capitalization=\"capitalize\"\n\tdata-display-local-dates=\"true\"\n\tdata-local-dates-position=\"tab\"\n\tdata-display-past-dates=\"true\"\n\tdata-display-details=\"true\"\n\tdata-display-lineup=\"true\"\n\tdata-display-start-time=\"true\"\n\tdata-social-share-icon=\"true\"\n\tdata-display-limit=\"all\"\n\t\n\tdata-date-format=\"DD\/MM\/YY\"\n\tdata-date-orientation=\"horizontal\"\n\tdata-date-border-color=\"#4A4A4A\"\n\tdata-date-border-width=\"1px\"\n\tdata-date-capitalization=\"capitalize\"\n\tdata-date-border-radius=\"10px\"\n\t\n\tdata-event-ticket-cta-size=\"medium\"\n\tdata-event-custom-ticket-text=\"\"\n\tdata-event-ticket-text=\"TICKETS\"\n\tdata-event-ticket-icon=\"true\"\n\tdata-event-ticket-cta-text-color=\"rgba(40,42,82,1)\"\n\tdata-event-ticket-cta-bg-color=\"rgba(251,241,243,1)\"\n\tdata-event-ticket-cta-border-color=\"#4A4A4A\"\n\tdata-event-ticket-cta-border-width=\"0px\"\n\tdata-event-ticket-cta-border-radius=\"10px\"\n\t\n\tdata-sold-out-button-text-color=\"#FFFFFF\"\n\tdata-sold-out-button-background-color=\"#4A4A4A\"\n\tdata-sold-out-button-border-color=\"#4A4A4A\"\n\tdata-sold-out-button-clickable=\"false\"\n\t\n\tdata-event-rsvp-position=\"left\"\n\tdata-event-rsvp-cta-size=\"medium\"\n\tdata-event-rsvp-only-show-icon=\"false\"\n\tdata-event-rsvp-text=\"RSVP\"\n\tdata-event-rsvp-icon=\"false\"\n\tdata-event-rsvp-cta-text-color=\"rgba(40,42,82,1)\"\n\tdata-event-rsvp-cta-bg-color=\"rgba(251,241,243,1)\"\n\tdata-event-rsvp-cta-border-color=\"#4A4A4A\"\n\tdata-event-rsvp-cta-border-width=\"0px\"\n\tdata-event-rsvp-cta-border-radius=\"10px\"\n\t\n\tdata-follow-section-position=\"top\"\n\tdata-follow-section-alignment=\"center\"\n\tdata-follow-section-header-text=\"Stay tuned \"\n\tdata-follow-section-cta-size=\"medium\"\n\tdata-follow-section-cta-text=\"FOLLOW\"\n\tdata-follow-section-cta-icon=\"true\"\n\tdata-follow-section-cta-text-color=\"rgba(255,255,255,1)\"\n\tdata-follow-section-cta-bg-color=\"rgba(213,66,106,1)\"\n\tdata-follow-section-cta-border-color=\"#4A4A4A\"\n\tdata-follow-section-cta-border-width=\"0px\"\n\tdata-follow-section-cta-border-radius=\"10px\"\n\t\n\tdata-play-my-city-position=\"bottom\"\n\tdata-play-my-city-alignment=\"center\"\n\tdata-play-my-city-header-text=\"PLAY MY CITY\"\n\tdata-play-my-city-cta-size=\"medium\"\n\tdata-play-my-city-cta-text=\"REQUEST A SHOW\"\n\tdata-play-my-city-cta-icon=\"true\"\n\tdata-play-my-city-cta-text-color=\"rgba(255,255,255,1)\"\n\tdata-play-my-city-cta-bg-color=\"rgba(213,66,106,1)\"\n\tdata-play-my-city-cta-border-color=\"#4A4A4A\"\n\tdata-play-my-city-cta-border-width=\"0px\"\n\tdata-play-my-city-cta-border-radius=\"10px\"\n\t\n\tdata-optin-font=\"\"\n\tdata-optin-text-color=\"\"\n\tdata-optin-bg-color=\"\"\n\tdata-optin-cta-text-color=\"\"\n\tdata-optin-cta-bg-color=\"\"\n\tdata-optin-cta-border-width=\"\"\n\tdata-optin-cta-border-radius=\"\"\n\tdata-optin-cta-border-color=\"\"\n\t\n\tdata-language=\"en\"\n\tdata-layout-breakpoint=\"900\"\n\tdata-app-id=\"\"\n\tdata-affil-code=\"\"\n\tdata-bit-logo-position=\"hidden\"\n\tdata-bit-logo-color=\"rgba(40,42,82,1)\"\n\t\n    ><\/a>\t\t\t\t<\/div>\n\t\t\t\t<\/div>\n\t\t\t\t\t<\/div>\n\t\t<\/div>\n\t\t\t\t\t<\/div>\n\t\t<\/section>\n\t\t\t\t<section class=\"elementor-section elementor-top-section elementor-element elementor-element-4f2814d elementor-section-boxed elementor-section-height-default elementor-section-height-default\" data-id=\"4f2814d\" data-element_type=\"section\">\n\t\t\t\t\t\t<div class=\"elementor-container elementor-column-gap-default\">\n\t\t\t\t\t<div class=\"elementor-column elementor-col-100 elementor-top-column elementor-element elementor-element-fc32407\" data-id=\"fc32407\" data-element_type=\"column\">\n\t\t\t<div class=\"elementor-widget-wrap elementor-element-populated\">\n\t\t\t\t\t\t<div class=\"elementor-element elementor-element-27730d5 elementor-widget elementor-widget-spacer\" data-id=\"27730d5\" data-element_type=\"widget\" data-widget_type=\"spacer.default\">\n\t\t\t\t<div class=\"elementor-widget-container\">\n\t\t\t\t\t\t\t<div class=\"elementor-spacer\">\n\t\t\t<div class=\"elementor-spacer-inner\"><\/div>\n\t\t<\/div>\n\t\t\t\t\t\t<\/div>\n\t\t\t\t<\/div>\n\t\t\t\t<div class=\"elementor-element elementor-element-8bd62bc elementor-widget elementor-widget-video\" data-id=\"8bd62bc\" data-element_type=\"widget\" data-settings=\"{&quot;youtube_url&quot;:&quot;https:\\\/\\\/www.youtube.com\\\/watch?v=hCqb-7lbTpc&quot;,&quot;video_type&quot;:&quot;youtube&quot;,&quot;controls&quot;:&quot;yes&quot;}\" data-widget_type=\"video.default\">\n\t\t\t\t<div class=\"elementor-widget-container\">\n\t\t\t\t\t\t\t<div class=\"elementor-wrapper elementor-open-inline\">\n\t\t\t<div class=\"elementor-video\"><\/div>\t\t<\/div>\n\t\t\t\t\t\t<\/div>\n\t\t\t\t<\/div>\n\t\t\t\t<div class=\"elementor-element elementor-element-133e7e7 elementor-widget elementor-widget-spacer\" data-id=\"133e7e7\" data-element_type=\"widget\" data-widget_type=\"spacer.default\">\n\t\t\t\t<div class=\"elementor-widget-container\">\n\t\t\t\t\t\t\t<div class=\"elementor-spacer\">\n\t\t\t<div class=\"elementor-spacer-inner\"><\/div>\n\t\t<\/div>\n\t\t\t\t\t\t<\/div>\n\t\t\t\t<\/div>\n\t\t\t\t\t<\/div>\n\t\t<\/div>\n\t\t\t\t\t<\/div>\n\t\t<\/section>\n\t\t\t\t<\/div>\n\t\t","protected":false},"excerpt":{"rendered":"<p>GIN &amp; TONIC TOUR \u00ab\u00a0Folk avant tout comme la libert\u00e9 absolue d\u2019embrasser tous les styles autour de chansons soign\u00e9es : notes bleues, swing jazz, valses bastringues, country claudicante, m\u00e9lancolies orchestr\u00e9es, ballades poignantes ou abandonn\u00e9es, \u00e9lectricit\u00e9 rock bien entendu, accents tropicaux pourquoi pas\u2026 qu\u2019importe le flacon pourvu qu\u2019on trouve l\u2019ivresse de l\u2019\u00e9vidence.\u00a0\u00bb<\/p>\n","protected":false},"author":1,"featured_media":0,"parent":0,"menu_order":2,"comment_status":"closed","ping_status":"closed","template":"elementor_header_footer","meta":{"_mi_skip_tracking":false,"footnotes":""},"class_list":["post-605","page","type-page","status-publish","hentry"],"_links":{"self":[{"href":"https:\/\/prokop.fr\/index.php\/wp-json\/wp\/v2\/pages\/605","targetHints":{"allow":["GET"]}}],"collection":[{"href":"https:\/\/prokop.fr\/index.php\/wp-json\/wp\/v2\/pages"}],"about":[{"href":"https:\/\/prokop.fr\/index.php\/wp-json\/wp\/v2\/types\/page"}],"author":[{"embeddable":true,"href":"https:\/\/prokop.fr\/index.php\/wp-json\/wp\/v2\/users\/1"}],"replies":[{"embeddable":true,"href":"https:\/\/prokop.fr\/index.php\/wp-json\/wp\/v2\/comments?post=605"}],"version-history":[{"count":53,"href":"https:\/\/prokop.fr\/index.php\/wp-json\/wp\/v2\/pages\/605\/revisions"}],"predecessor-version":[{"id":820,"href":"https:\/\/prokop.fr\/index.php\/wp-json\/wp\/v2\/pages\/605\/revisions\/820"}],"wp:attachment":[{"href":"https:\/\/prokop.fr\/index.php\/wp-json\/wp\/v2\/media?parent=605"}],"curies":[{"name":"wp","href":"https:\/\/api.w.org\/{rel}","templated":true}]}}