{"id":699,"date":"2025-08-26T12:02:33","date_gmt":"2025-08-26T10:02:33","guid":{"rendered":"https:\/\/prokop.fr\/?page_id=699"},"modified":"2025-09-02T17:08:39","modified_gmt":"2025-09-02T15:08:39","slug":"elementor-699","status":"publish","type":"page","link":"https:\/\/prokop.fr\/index.php\/elementor-699\/","title":{"rendered":"Textes"},"content":{"rendered":"\t\t<div data-elementor-type=\"wp-page\" data-elementor-id=\"699\" class=\"elementor elementor-699\">\n\t\t\t\t\t\t<section class=\"elementor-section elementor-top-section elementor-element elementor-element-0b4d4c2 elementor-section-boxed elementor-section-height-default elementor-section-height-default\" data-id=\"0b4d4c2\" data-element_type=\"section\">\n\t\t\t\t\t\t<div class=\"elementor-container elementor-column-gap-default\">\n\t\t\t\t\t<div class=\"elementor-column elementor-col-50 elementor-top-column elementor-element elementor-element-0e26144\" data-id=\"0e26144\" data-element_type=\"column\">\n\t\t\t<div class=\"elementor-widget-wrap elementor-element-populated\">\n\t\t\t\t\t\t<div class=\"elementor-element elementor-element-5ab4e58 e-transform elementor-widget elementor-widget-image\" data-id=\"5ab4e58\" data-element_type=\"widget\" data-settings=\"{&quot;_transform_flipX_effect&quot;:&quot;transform&quot;}\" data-widget_type=\"image.default\">\n\t\t\t\t<div class=\"elementor-widget-container\">\n\t\t\t\t\t\t\t\t\t\t\t\t\t\t\t<img fetchpriority=\"high\" decoding=\"async\" width=\"300\" height=\"300\" src=\"https:\/\/prokop.fr\/wp-content\/uploads\/2025\/08\/19-Lucille-300x300.png\" class=\"attachment-medium size-medium wp-image-716\" alt=\"\" srcset=\"https:\/\/prokop.fr\/wp-content\/uploads\/2025\/08\/19-Lucille-300x300.png 300w, https:\/\/prokop.fr\/wp-content\/uploads\/2025\/08\/19-Lucille-150x150.png 150w, https:\/\/prokop.fr\/wp-content\/uploads\/2025\/08\/19-Lucille.png 464w\" sizes=\"(max-width: 300px) 100vw, 300px\" \/>\t\t\t\t\t\t\t\t\t\t\t\t\t\t\t<\/div>\n\t\t\t\t<\/div>\n\t\t\t\t\t<\/div>\n\t\t<\/div>\n\t\t\t\t<div class=\"elementor-column elementor-col-50 elementor-top-column elementor-element elementor-element-212cb63\" data-id=\"212cb63\" data-element_type=\"column\">\n\t\t\t<div class=\"elementor-widget-wrap elementor-element-populated\">\n\t\t\t\t\t\t<div class=\"elementor-element elementor-element-7f36c42 elementor-widget elementor-widget-text-editor\" data-id=\"7f36c42\" data-element_type=\"widget\" data-widget_type=\"text-editor.default\">\n\t\t\t\t<div class=\"elementor-widget-container\">\n\t\t\t\t\t\t\t\t\t<h3>TEXTES<br \/>&amp; traductions<\/h3>\t\t\t\t\t\t\t\t<\/div>\n\t\t\t\t<\/div>\n\t\t\t\t<div class=\"elementor-element elementor-element-63f12b3 elementor-widget__width-initial elementor-widget elementor-widget-text-editor\" data-id=\"63f12b3\" data-element_type=\"widget\" data-widget_type=\"text-editor.default\">\n\t\t\t\t<div class=\"elementor-widget-container\">\n\t\t\t\t\t\t\t\t\t<div>\u00a0<\/div><p class=\"p1\">\u00ab\u00a0Avec l\u2019\u00e9l\u00e9gance de l\u2019authenticit\u00e9, la silhouette de Prokop incarne la musique qu\u2019elle charrie. Ainsi, pour accompagner les mots qu\u2019il pose dans la conversation, ses gestes s\u2019accordent-ils naturellement au rythme int\u00e9rieur, vif ou contemplatif, qui traverse ses chansons. Des mots qui s\u2019ancrent au plus pr\u00e8s des pens\u00e9es qui traversent son regard, d\u00e9clinant au fil des phrases la sinc\u00e9rit\u00e9 qui signe un songwriting soign\u00e9 et intimement kal\u00e9idoscopique \u2013 quitte \u00e0 sauter d\u2019une langue \u00e0 l\u2019autre pour passer de la spontan\u00e9it\u00e9 \u00e0 l\u2019\u00e9criture. On songe qu\u2019il est d\u2019ailleurs probable que l\u2019instant partag\u00e9 nourrisse les pages manuscrites du r\u00e9cit que son r\u00e9pertoire fragmente \u00e0 travers cette g\u00e9n\u00e9reuse s\u00e9rie de quasi-nouvelles \u00e0 chanter.\u00a0\u00bb<\/p>\t\t\t\t\t\t\t\t<\/div>\n\t\t\t\t<\/div>\n\t\t\t\t\t<\/div>\n\t\t<\/div>\n\t\t\t\t\t<\/div>\n\t\t<\/section>\n\t\t\t\t<section class=\"elementor-section elementor-top-section elementor-element elementor-element-d0bb132 elementor-section-boxed elementor-section-height-default elementor-section-height-default\" data-id=\"d0bb132\" data-element_type=\"section\" data-settings=\"{&quot;background_background&quot;:&quot;classic&quot;}\">\n\t\t\t\t\t\t<div class=\"elementor-container elementor-column-gap-default\">\n\t\t\t\t\t<div class=\"elementor-column elementor-col-100 elementor-top-column elementor-element elementor-element-bc6aa21\" data-id=\"bc6aa21\" data-element_type=\"column\">\n\t\t\t<div class=\"elementor-widget-wrap elementor-element-populated\">\n\t\t\t\t\t\t<section class=\"elementor-section elementor-inner-section elementor-element elementor-element-528d6b3 elementor-section-boxed elementor-section-height-default elementor-section-height-default\" data-id=\"528d6b3\" data-element_type=\"section\">\n\t\t\t\t\t\t<div class=\"elementor-container elementor-column-gap-default\">\n\t\t\t\t\t<div class=\"elementor-column elementor-col-50 elementor-inner-column elementor-element elementor-element-8743f74\" data-id=\"8743f74\" data-element_type=\"column\">\n\t\t\t<div class=\"elementor-widget-wrap elementor-element-populated\">\n\t\t\t\t\t\t<div class=\"elementor-element elementor-element-5de7a73 elementor-widget elementor-widget-image\" data-id=\"5de7a73\" data-element_type=\"widget\" data-widget_type=\"image.default\">\n\t\t\t\t<div class=\"elementor-widget-container\">\n\t\t\t\t\t\t\t\t\t\t\t\t\t\t\t<img decoding=\"async\" width=\"500\" height=\"500\" src=\"https:\/\/prokop.fr\/wp-content\/uploads\/2025\/08\/500x500-000000-80-0-0-7.jpg\" class=\"attachment-large size-large wp-image-686\" alt=\"\" srcset=\"https:\/\/prokop.fr\/wp-content\/uploads\/2025\/08\/500x500-000000-80-0-0-7.jpg 500w, https:\/\/prokop.fr\/wp-content\/uploads\/2025\/08\/500x500-000000-80-0-0-7-300x300.jpg 300w, https:\/\/prokop.fr\/wp-content\/uploads\/2025\/08\/500x500-000000-80-0-0-7-150x150.jpg 150w\" sizes=\"(max-width: 500px) 100vw, 500px\" \/>\t\t\t\t\t\t\t\t\t\t\t\t\t\t\t<\/div>\n\t\t\t\t<\/div>\n\t\t\t\t\t<\/div>\n\t\t<\/div>\n\t\t\t\t<div class=\"elementor-column elementor-col-50 elementor-inner-column elementor-element elementor-element-3e24229\" data-id=\"3e24229\" data-element_type=\"column\">\n\t\t\t<div class=\"elementor-widget-wrap elementor-element-populated\">\n\t\t\t\t\t\t<div class=\"elementor-element elementor-element-503cdb8 elementor-widget elementor-widget-text-editor\" data-id=\"503cdb8\" data-element_type=\"widget\" data-widget_type=\"text-editor.default\">\n\t\t\t\t<div class=\"elementor-widget-container\">\n\t\t\t\t\t\t\t\t\t<h4>\u00a0 Folksinger! (a Gin&amp;Tonic Story)<\/h4>\t\t\t\t\t\t\t\t<\/div>\n\t\t\t\t<\/div>\n\t\t\t\t<div class=\"elementor-element elementor-element-209bd53 elementor-widget elementor-widget-text-editor\" data-id=\"209bd53\" data-element_type=\"widget\" data-widget_type=\"text-editor.default\">\n\t\t\t\t<div class=\"elementor-widget-container\">\n\t\t\t\t\t\t\t\t\t<p>Lonely Wolf<\/p><p>(The Ballad of) Buddy Kid<\/p><p>Down in the Drain<\/p><p>The Ballad of an Everlasting Love<\/p><p>Night Trumpets Dancing Dreams<\/p><p>Jenny<\/p><p>Thoughts on Edward L. Bernays&rsquo; Communication Techniques<\/p><p>Tom Joad<\/p><p>Drag the Devil in the Mud<\/p><p>The Butcher&rsquo;s Dead End<\/p>\t\t\t\t\t\t\t\t<\/div>\n\t\t\t\t<\/div>\n\t\t\t\t\t<\/div>\n\t\t<\/div>\n\t\t\t\t\t<\/div>\n\t\t<\/section>\n\t\t\t\t\t<\/div>\n\t\t<\/div>\n\t\t\t\t\t<\/div>\n\t\t<\/section>\n\t\t\t\t<section class=\"elementor-section elementor-top-section elementor-element elementor-element-8e54d2f elementor-section-boxed elementor-section-height-default elementor-section-height-default\" data-id=\"8e54d2f\" data-element_type=\"section\" data-settings=\"{&quot;background_background&quot;:&quot;classic&quot;}\">\n\t\t\t\t\t\t<div class=\"elementor-container elementor-column-gap-default\">\n\t\t\t\t\t<div class=\"elementor-column elementor-col-100 elementor-top-column elementor-element elementor-element-5705f5a\" data-id=\"5705f5a\" data-element_type=\"column\">\n\t\t\t<div class=\"elementor-widget-wrap elementor-element-populated\">\n\t\t\t\t\t\t<section class=\"elementor-section elementor-inner-section elementor-element elementor-element-5af765f elementor-section-boxed elementor-section-height-default elementor-section-height-default\" data-id=\"5af765f\" data-element_type=\"section\">\n\t\t\t\t\t\t<div class=\"elementor-container elementor-column-gap-default\">\n\t\t\t\t\t<div class=\"elementor-column elementor-col-50 elementor-inner-column elementor-element elementor-element-285bc30\" data-id=\"285bc30\" data-element_type=\"column\">\n\t\t\t<div class=\"elementor-widget-wrap elementor-element-populated\">\n\t\t\t\t\t\t<div class=\"elementor-element elementor-element-f3843f0 elementor-widget elementor-widget-image\" data-id=\"f3843f0\" data-element_type=\"widget\" data-widget_type=\"image.default\">\n\t\t\t\t<div class=\"elementor-widget-container\">\n\t\t\t\t\t\t\t\t\t\t\t\t\t\t\t<img decoding=\"async\" width=\"500\" height=\"500\" src=\"https:\/\/prokop.fr\/wp-content\/uploads\/2025\/08\/500x500-000000-80-0-0-8.jpg\" class=\"attachment-large size-large wp-image-695\" alt=\"\" srcset=\"https:\/\/prokop.fr\/wp-content\/uploads\/2025\/08\/500x500-000000-80-0-0-8.jpg 500w, https:\/\/prokop.fr\/wp-content\/uploads\/2025\/08\/500x500-000000-80-0-0-8-300x300.jpg 300w, https:\/\/prokop.fr\/wp-content\/uploads\/2025\/08\/500x500-000000-80-0-0-8-150x150.jpg 150w\" sizes=\"(max-width: 500px) 100vw, 500px\" \/>\t\t\t\t\t\t\t\t\t\t\t\t\t\t\t<\/div>\n\t\t\t\t<\/div>\n\t\t\t\t\t<\/div>\n\t\t<\/div>\n\t\t\t\t<div class=\"elementor-column elementor-col-50 elementor-inner-column elementor-element elementor-element-f505245\" data-id=\"f505245\" data-element_type=\"column\">\n\t\t\t<div class=\"elementor-widget-wrap elementor-element-populated\">\n\t\t\t\t\t\t<div class=\"elementor-element elementor-element-8463e10 elementor-widget elementor-widget-text-editor\" data-id=\"8463e10\" data-element_type=\"widget\" data-widget_type=\"text-editor.default\">\n\t\t\t\t<div class=\"elementor-widget-container\">\n\t\t\t\t\t\t\t\t\t<h4>\u00a0 Love Letters from across the Street<\/h4>\t\t\t\t\t\t\t\t<\/div>\n\t\t\t\t<\/div>\n\t\t\t\t<div class=\"elementor-element elementor-element-964e7fc elementor-widget__width-initial elementor-widget elementor-widget-text-editor\" data-id=\"964e7fc\" data-element_type=\"widget\" data-widget_type=\"text-editor.default\">\n\t\t\t\t<div class=\"elementor-widget-container\">\n\t\t\t\t\t\t\t\t\t<p>Never Say Goodbye<\/p><p>Rust on the Dew<\/p><p>Raw-Boned-Dog Blues<\/p><p>She Died of Love<\/p><p>Le D\u00e9part de Lyon<\/p><p>Under the Bridge<\/p><p>The Call of Lorelei<\/p><p>The Waiting<\/p><p>Whisky &amp; Tattoo<\/p><p>\u00a0<\/p>\t\t\t\t\t\t\t\t<\/div>\n\t\t\t\t<\/div>\n\t\t\t\t<div class=\"elementor-element elementor-element-38b88fb elementor-widget__width-initial elementor-widget elementor-widget-text-editor\" data-id=\"38b88fb\" data-element_type=\"widget\" data-widget_type=\"text-editor.default\">\n\t\t\t\t<div class=\"elementor-widget-container\">\n\t\t\t\t\t\t\t\t\t<p>If I Make It<\/p><p>Old Joe<\/p><p>P\u00e9rissac Rag<\/p><p>Time Keeps Flying on<\/p><p>Burdens to Let Go<\/p><p>Colorado<\/p><p>From a Friend to Another<\/p><p>Some of these Nights<\/p><p>Lucille<\/p>\t\t\t\t\t\t\t\t<\/div>\n\t\t\t\t<\/div>\n\t\t\t\t<div class=\"elementor-element elementor-element-5d4223e elementor-widget__width-initial elementor-widget-mobile__width-initial elementor-widget elementor-widget-text-editor\" data-id=\"5d4223e\" data-element_type=\"widget\" data-widget_type=\"text-editor.default\">\n\t\t\t\t<div class=\"elementor-widget-container\">\n\t\t\t\t\t\t\t\t\t<p>Airport Blues<\/p><p>Some of these Days<\/p><p>Candy Box<\/p><p>Love Letter<\/p><p>Dead Man&rsquo;s Quest<\/p><p>Black Coffee &amp; Whiskey<\/p><p>Cleveland Way<\/p><p>Wind of Boredom<\/p>\t\t\t\t\t\t\t\t<\/div>\n\t\t\t\t<\/div>\n\t\t\t\t\t<\/div>\n\t\t<\/div>\n\t\t\t\t\t<\/div>\n\t\t<\/section>\n\t\t\t\t\t<\/div>\n\t\t<\/div>\n\t\t\t\t\t<\/div>\n\t\t<\/section>\n\t\t\t\t<section class=\"elementor-section elementor-top-section elementor-element elementor-element-d293c40 elementor-section-boxed elementor-section-height-default elementor-section-height-default\" data-id=\"d293c40\" data-element_type=\"section\">\n\t\t\t\t\t\t<div class=\"elementor-container elementor-column-gap-default\">\n\t\t\t\t\t<div class=\"elementor-column elementor-col-100 elementor-top-column elementor-element elementor-element-ef7eb2f\" data-id=\"ef7eb2f\" data-element_type=\"column\">\n\t\t\t<div class=\"elementor-widget-wrap elementor-element-populated\">\n\t\t\t\t\t\t<section class=\"elementor-section elementor-inner-section elementor-element elementor-element-22e5d59 elementor-section-boxed elementor-section-height-default elementor-section-height-default\" data-id=\"22e5d59\" data-element_type=\"section\">\n\t\t\t\t\t\t<div class=\"elementor-container elementor-column-gap-default\">\n\t\t\t\t\t<div class=\"elementor-column elementor-col-50 elementor-inner-column elementor-element elementor-element-57ec6bf\" data-id=\"57ec6bf\" data-element_type=\"column\">\n\t\t\t<div class=\"elementor-widget-wrap elementor-element-populated\">\n\t\t\t\t\t\t<div class=\"elementor-element elementor-element-c681113 elementor-widget__width-initial elementor-widget elementor-widget-text-editor\" data-id=\"c681113\" data-element_type=\"widget\" data-widget_type=\"text-editor.default\">\n\t\t\t\t<div class=\"elementor-widget-container\">\n\t\t\t\t\t\t\t\t\t<h4>\u00a0 Singles<\/h4>\t\t\t\t\t\t\t\t<\/div>\n\t\t\t\t<\/div>\n\t\t\t\t<div class=\"elementor-element elementor-element-501d000 elementor-widget__width-initial elementor-widget elementor-widget-text-editor\" data-id=\"501d000\" data-element_type=\"widget\" data-widget_type=\"text-editor.default\">\n\t\t\t\t<div class=\"elementor-widget-container\">\n\t\t\t\t\t\t\t\t\t<p>\u00a0<\/p><p>Beirut in the Air (a City Levitating)<\/p><p>Train is Coming<\/p>\t\t\t\t\t\t\t\t<\/div>\n\t\t\t\t<\/div>\n\t\t\t\t\t<\/div>\n\t\t<\/div>\n\t\t\t\t<div class=\"elementor-column elementor-col-50 elementor-inner-column elementor-element elementor-element-abe7443\" data-id=\"abe7443\" data-element_type=\"column\">\n\t\t\t<div class=\"elementor-widget-wrap elementor-element-populated\">\n\t\t\t\t\t\t<div class=\"elementor-element elementor-element-a033ff5 elementor-widget__width-initial elementor-widget-mobile__width-initial elementor-widget elementor-widget-image\" data-id=\"a033ff5\" data-element_type=\"widget\" data-widget_type=\"image.default\">\n\t\t\t\t<div class=\"elementor-widget-container\">\n\t\t\t\t\t\t\t\t\t\t\t\t\t\t\t<img loading=\"lazy\" decoding=\"async\" width=\"800\" height=\"589\" src=\"https:\/\/prokop.fr\/wp-content\/uploads\/2025\/08\/Oil-Painitng-chosen-for-Beirut-in-the-air-cover_-1024x754.jpg\" class=\"attachment-large size-large wp-image-710\" alt=\"\" srcset=\"https:\/\/prokop.fr\/wp-content\/uploads\/2025\/08\/Oil-Painitng-chosen-for-Beirut-in-the-air-cover_-1024x754.jpg 1024w, https:\/\/prokop.fr\/wp-content\/uploads\/2025\/08\/Oil-Painitng-chosen-for-Beirut-in-the-air-cover_-300x221.jpg 300w, https:\/\/prokop.fr\/wp-content\/uploads\/2025\/08\/Oil-Painitng-chosen-for-Beirut-in-the-air-cover_-768x565.jpg 768w, https:\/\/prokop.fr\/wp-content\/uploads\/2025\/08\/Oil-Painitng-chosen-for-Beirut-in-the-air-cover_.jpg 1331w\" sizes=\"(max-width: 800px) 100vw, 800px\" \/>\t\t\t\t\t\t\t\t\t\t\t\t\t\t\t<\/div>\n\t\t\t\t<\/div>\n\t\t\t\t\t<\/div>\n\t\t<\/div>\n\t\t\t\t\t<\/div>\n\t\t<\/section>\n\t\t\t\t<section class=\"elementor-section elementor-inner-section elementor-element elementor-element-4a0bafe elementor-section-boxed elementor-section-height-default elementor-section-height-default\" data-id=\"4a0bafe\" data-element_type=\"section\">\n\t\t\t\t\t\t<div class=\"elementor-container elementor-column-gap-default\">\n\t\t\t\t\t<div class=\"elementor-column elementor-col-100 elementor-inner-column elementor-element elementor-element-15e3d11\" data-id=\"15e3d11\" data-element_type=\"column\">\n\t\t\t<div class=\"elementor-widget-wrap\">\n\t\t\t\t\t\t\t<\/div>\n\t\t<\/div>\n\t\t\t\t\t<\/div>\n\t\t<\/section>\n\t\t\t\t\t<\/div>\n\t\t<\/div>\n\t\t\t\t\t<\/div>\n\t\t<\/section>\n\t\t\t\t<\/div>\n\t\t","protected":false},"excerpt":{"rendered":"<p>TEXTES&amp; traductions \u00a0 \u00ab\u00a0Avec l\u2019\u00e9l\u00e9gance de l\u2019authenticit\u00e9, la silhouette de Prokop incarne la musique qu\u2019elle charrie. Ainsi, pour accompagner les mots qu\u2019il pose dans la conversation, ses gestes s\u2019accordent-ils naturellement au rythme int\u00e9rieur, vif ou contemplatif, qui traverse ses chansons. Des mots qui s\u2019ancrent au plus pr\u00e8s des pens\u00e9es qui traversent son regard, d\u00e9clinant au [&hellip;]<\/p>\n","protected":false},"author":1,"featured_media":0,"parent":0,"menu_order":0,"comment_status":"closed","ping_status":"closed","template":"","meta":{"_mi_skip_tracking":false,"footnotes":""},"class_list":["post-699","page","type-page","status-publish","hentry"],"_links":{"self":[{"href":"https:\/\/prokop.fr\/index.php\/wp-json\/wp\/v2\/pages\/699","targetHints":{"allow":["GET"]}}],"collection":[{"href":"https:\/\/prokop.fr\/index.php\/wp-json\/wp\/v2\/pages"}],"about":[{"href":"https:\/\/prokop.fr\/index.php\/wp-json\/wp\/v2\/types\/page"}],"author":[{"embeddable":true,"href":"https:\/\/prokop.fr\/index.php\/wp-json\/wp\/v2\/users\/1"}],"replies":[{"embeddable":true,"href":"https:\/\/prokop.fr\/index.php\/wp-json\/wp\/v2\/comments?post=699"}],"version-history":[{"count":34,"href":"https:\/\/prokop.fr\/index.php\/wp-json\/wp\/v2\/pages\/699\/revisions"}],"predecessor-version":[{"id":855,"href":"https:\/\/prokop.fr\/index.php\/wp-json\/wp\/v2\/pages\/699\/revisions\/855"}],"wp:attachment":[{"href":"https:\/\/prokop.fr\/index.php\/wp-json\/wp\/v2\/media?parent=699"}],"curies":[{"name":"wp","href":"https:\/\/api.w.org\/{rel}","templated":true}]}}